{"id":3,"date":"2024-06-26T19:37:30","date_gmt":"2024-06-26T19:37:30","guid":{"rendered":"https:\/\/www.mict.it\/?page_id=3"},"modified":"2025-03-07T11:35:40","modified_gmt":"2025-03-07T11:35:40","slug":"privacy-policy","status":"publish","type":"page","link":"https:\/\/www.mict.it\/en\/privacy-policy\/","title":{"rendered":"Privacy &amp; cookie Policy"},"content":{"rendered":"<h2 class=\"wp-block-heading\">Privacy Policy<\/h2>\n\n\n\n<h3 class=\"wp-block-heading\">Ambito del documento<\/h3>\n\n\n\n<p>A seguito della semplice consultazione del sito web di Matisse S.r.l. (di seguito Matisse o anche \u201cil Titolare del trattamento\u201d) possono essere trattati dati relativi a persone fisiche identificate o identificabili.<\/p>\n\n\n\n<p>In ossequio alle vigenti normative sulla protezione dei dati personali (Reg. UE 679\/2016, D.Lgs.196\/2003), \u00e8 necessario illustrare, attraverso la presente informativa, le modalit\u00e0 di trattamento dei dati personali che possono essere acquisiti durante la consultazione di tali siti web accessibili al seguente indirizzo:  https:\/\/www.mict.it\/<\/p>\n\n\n\n<p>Tali modalit\u00e0 di trattamento non riguardano altri siti, pagine o servizi online raggiungibili tramite link ipertestuali eventualmente pubblicati nel sito ma riferiti a risorse esterne al dominio di pertinenza di Matisse.<\/p>\n\n\n\n<h3 class=\"wp-block-heading\">Titolare del trattamento dei dati personali<\/h3>\n\n\n\n<p>Il titolare del trattamento \u00e8 Matisse s.r.l., Via Salaino, 7 \u2013 20144 Milano | eMail: <a href=\"mailto:info@mict.it\" title=\"\">info@mict.it<\/a><\/p>\n\n\n\n<p>An anonymized string created from your email address (also called a hash) may be provided to the Gravatar service to see if you are using it. The Gravatar service privacy policy is available here: https:\/\/automattic.com\/privacy\/. After approval of your comment, your profile picture is visible to the public in the context of your comment.<\/p>\n\n\n\n<h3 class=\"wp-block-heading\">Finalit\u00e0 e basi giuridiche del trattamento<\/h3>\n\n\n\n<p>Il Titolare tratta i dati personali per le seguenti finalit\u00e0:<\/p>\n\n\n\n<ol class=\"wp-block-list\">\n<li><strong>Dati di navigazione<\/strong>: i sistemi informatici e le procedure software preposte al funzionamento di questo sito acquisiscono, nel corso del loro normale esercizio, alcuni dati personali la cui trasmissione \u00e8 implicita nell&#8217;uso dei protocolli di comunicazione di Internet (es. indirizzi IP, nomi di dominio dei computer utilizzati per connettersi al sito, orario della richiesta, metodo utilizzato per sottoporre la richiesta al server, dimensione del file ottenuto in risposta, codice numerico indicante lo stato della risposta data dal server ed altri parametri relativi al sistema operativo e all&#8217;ambiente informatico dell&#8217;utente). Tali dati vengono utilizzati al solo fine di ricavare informazioni statistiche anonime sull&#8217;uso del sito e per controllarne il corretto funzionamento.<br>La <strong>base giuridica<\/strong> di tale trattamento \u00e8 il <strong>legittimo interesse del Titolare<\/strong> alla gestione tecnica relativa alla funzionalit\u00e0 e alla sicurezza del sito.<\/li>\n\n\n\n<li><strong>Form &#8220;<\/strong><strong><em>Book an appointment<\/em><\/strong><strong>&#8220;<\/strong>: i dati forniti volontariamente tramite la compilazione del form di contatto (nome, cognome, indirizzo e-mail, settore professionale di appartenenza) vengono utilizzati al solo fine di soddisfare o dare riscontro alle richieste trasmesse e sono comunicati a terzi solo se necessario a tal fine.<br>La <strong>base giuridica<\/strong> di tale trattamento \u00e8 <strong>l&#8217;esecuzione di misure precontrattuali<\/strong> adottate su richiesta dell&#8217;interessato.<\/li>\n<\/ol>\n\n\n\n<h3 class=\"wp-block-heading\">Periodo di conservazione dei dati<\/h3>\n\n\n\n<p>I dati personali saranno trattati per il tempo strettamente necessario a conseguire gli scopi per cui sono stati raccolti:<\/p>\n\n\n\n<ul class=\"wp-block-list\">\n<li>I dati forniti tramite il form di contatto saranno conservati per il tempo necessario a dare riscontro alle richieste.<\/li>\n\n\n\n<li>I dati di navigazione non persistono per pi\u00f9 di sette giorni (salvo eventuali necessit\u00e0 di accertamento di reati da parte delle autorit\u00e0 competenti).<\/li>\n<\/ul>\n\n\n\n<h3 class=\"wp-block-heading\">Natura del conferimento dei dati e conseguenze in caso di rifiuto<\/h3>\n\n\n\n<p>Il conferimento dei dati per la navigazione \u00e8 necessario per la fruizione del sito web.<\/p>\n\n\n\n<p>Il conferimento dei dati tramite form di contatto \u00e8 facoltativo, ma il loro mancato conferimento comporter\u00e0 l&#8217;impossibilit\u00e0 per il Titolare di fornire riscontro alle richieste effettuate.<\/p>\n\n\n\n<h3 class=\"wp-block-heading\">Categorie di destinatari<\/h3>\n\n\n\n<p>I dati personali saranno trattati da dipendenti e collaboratori del Titolare, in qualit\u00e0 di soggetti autorizzati al trattamento.<br>I dati potranno essere comunicati a soggetti terzi appartenenti alle seguenti categorie:<\/p>\n\n\n\n<ul class=\"wp-block-list\">\n<li>fornitori di servizi informatici;<\/li>\n\n\n\n<li>societ\u00e0 che si occupano della gestione e manutenzione del sito web.<\/li>\n<\/ul>\n\n\n\n<p>Tali soggetti operano in qualit\u00e0 di responsabili del trattamento nominati dal Titolare.<br>I dati non saranno oggetto di diffusione.<\/p>\n\n\n\n<h3 class=\"wp-block-heading\">Trasferimento dati verso un paese terzo<\/h3>\n\n\n\n<p>I dati personali non saranno trasferiti al di fuori dell&#8217;Unione Europea.<\/p>\n\n\n\n<h3 class=\"wp-block-heading\">Diritti degli interessati<\/h3>\n\n\n\n<p>L&#8217;interessato ha il diritto di chiedere al Titolare di accedere ai propri dati personali e di rettificarli se inesatti, di cancellarli o limitarne il trattamento se ne ricorrono i presupposti, di opporsi al loro trattamento, nonch\u00e9 di ottenere la portabilit\u00e0 dei dati personalmente forniti.<\/p>\n\n\n\n<p>Per esercitare i propri diritti, l&#8217;interessato pu\u00f2 rivolgersi al Titolare scrivendo all&#8217;indirizzo e-mail: <a href=\"mailto:info@mict.it\" title=\"\">info@mict.it<\/a>.<\/p>\n\n\n\n<p>L&#8217;interessato ha anche il diritto di proporre reclamo all&#8217;autorit\u00e0 di controllo competente in materia, Garante per la protezione dei dati personali (<a href=\"http:\/\/www.garanteprivacy.it\">www.garanteprivacy.it<\/a>).<\/p>\n\n\n\n<div style=\"height:100px\" aria-hidden=\"true\" class=\"wp-block-spacer\"><\/div>\n\n\n\n<h2 class=\"wp-block-heading\">Cookie Policy<\/h2>\n\n\n\n<h3 class=\"wp-block-heading\">Cosa sono i cookie<\/h3>\n\n\n\n<p>I cookie sono piccoli file di testo che i siti visitati dagli utenti inviano ai loro terminali, dove vengono memorizzati per essere ritrasmessi agli stessi siti in occasione di visite successive. I cookie sono utilizzati per diverse finalit\u00e0, hanno caratteristiche diverse, e possono essere utilizzati sia dal titolare del sito che si sta visitando, sia da terze parti.<\/p>\n\n\n\n<h3 class=\"wp-block-heading\">Cookie utilizzati da questo sito<\/h3>\n\n\n\n<p>Questo sito utilizza esclusivamente cookie tecnici, ovvero cookie necessari al funzionamento del sito o utili per migliorare il servizio offerto agli utenti. I cookie tecnici non richiedono il consenso dell&#8217;utente per essere installati.<br>In particolare, il sito utilizza:<\/p>\n\n\n\n<ul class=\"wp-block-list\">\n<li><strong>Cookie tecnici strettamente necessari<\/strong>: sono essenziali per il corretto funzionamento del sito. Questi cookie permettono funzionalit\u00e0 di base come la navigazione della pagina e l&#8217;accesso alle aree protette del sito. Il sito non pu\u00f2 funzionare correttamente senza questi cookie.<\/li>\n\n\n\n<li><strong>Cookie tecnici di sessione<\/strong>: sono utilizzati per migliorare l&#8217;esperienza di navigazione degli utenti. Questi cookie vengono automaticamente eliminati alla chiusura del browser.<\/li>\n<\/ul>\n\n\n\n<h3 class=\"wp-block-heading\">Come gestire i cookie<\/h3>\n\n\n\n<p>L&#8217;utente pu\u00f2 decidere se accettare o meno i cookie utilizzando le impostazioni del proprio browser.<\/p>\n\n\n\n<p><strong>Attenzione<\/strong>: la disabilitazione totale o parziale dei cookie tecnici pu\u00f2 compromettere l&#8217;utilizzo delle funzionalit\u00e0 del sito.<\/p>\n\n\n\n<p>Di seguito i link alle istruzioni per la gestione dei cookie dei principali browser:<\/p>\n\n\n\n<ul class=\"wp-block-list\">\n<li><a href=\"https:\/\/support.google.com\/chrome\/answer\/95647?hl=it\">Chrome<\/a><\/li>\n\n\n\n<li><a href=\"https:\/\/support.mozilla.org\/it\/kb\/Gestione%2520dei%2520cookie\">Firefox<\/a><\/li>\n\n\n\n<li><a href=\"https:\/\/support.apple.com\/it-it\/guide\/safari\/sfri11471\/mac\">Safari<\/a><\/li>\n\n\n\n<li><a href=\"https:\/\/support.microsoft.com\/it-it\/help\/4468242\/microsoft-edge-browsing-data-and-privacy\">Edge<\/a><\/li>\n\n\n\n<li><a href=\"https:\/\/help.opera.com\/en\/latest\/web-preferences\/#cookies\">Opera<\/a><\/li>\n<\/ul>\n\n\n\n<h3 class=\"wp-block-heading\">Aggiornamenti dell&#8217;informativa<\/h3>\n\n\n\n<p>La presente cookie policy pu\u00f2 essere soggetta ad aggiornamenti. Gli utenti sono quindi invitati a verificarne periodicamente il contenuto.<\/p>\n\n\n\n<div style=\"height:100px\" aria-hidden=\"true\" class=\"wp-block-spacer\"><\/div>","protected":false},"excerpt":{"rendered":"<p>Privacy Policy Ambito del documento A seguito della semplice consultazione del sito web di Matisse S.r.l. (di seguito Matisse o anche \u201cil Titolare del trattamento\u201d) possono essere trattati dati relativi a persone fisiche identificate o identificabili. In ossequio alle vigenti normative sulla protezione dei dati personali (Reg. UE 679\/2016, D.Lgs.196\/2003), \u00e8 necessario illustrare, attraverso la [&hellip;]<\/p>\n","protected":false},"author":1,"featured_media":0,"parent":0,"menu_order":0,"comment_status":"closed","ping_status":"open","template":"","meta":{"om_disable_all_campaigns":false,"_monsterinsights_skip_tracking":false,"_monsterinsights_sitenote_active":false,"_monsterinsights_sitenote_note":"","_monsterinsights_sitenote_category":0,"footnotes":""},"class_list":["post-3","page","type-page","status-publish","hentry"],"aioseo_notices":[],"_links":{"self":[{"href":"https:\/\/www.mict.it\/en\/wp-json\/wp\/v2\/pages\/3","targetHints":{"allow":["GET"]}}],"collection":[{"href":"https:\/\/www.mict.it\/en\/wp-json\/wp\/v2\/pages"}],"about":[{"href":"https:\/\/www.mict.it\/en\/wp-json\/wp\/v2\/types\/page"}],"author":[{"embeddable":true,"href":"https:\/\/www.mict.it\/en\/wp-json\/wp\/v2\/users\/1"}],"replies":[{"embeddable":true,"href":"https:\/\/www.mict.it\/en\/wp-json\/wp\/v2\/comments?post=3"}],"version-history":[{"count":2,"href":"https:\/\/www.mict.it\/en\/wp-json\/wp\/v2\/pages\/3\/revisions"}],"predecessor-version":[{"id":654,"href":"https:\/\/www.mict.it\/en\/wp-json\/wp\/v2\/pages\/3\/revisions\/654"}],"wp:attachment":[{"href":"https:\/\/www.mict.it\/en\/wp-json\/wp\/v2\/media?parent=3"}],"curies":[{"name":"wp","href":"https:\/\/api.w.org\/{rel}","templated":true}]}}